{"id":10752,"date":"2023-01-30T00:47:23","date_gmt":"2023-01-30T00:47:23","guid":{"rendered":"https:\/\/valora-corp.com\/?page_id=10752"},"modified":"2023-01-30T23:17:00","modified_gmt":"2023-01-30T23:17:00","slug":"financiamiento-de-proyectos","status":"publish","type":"page","link":"https:\/\/valora-corp.com\/index.php\/financiamiento-de-proyectos\/","title":{"rendered":"Financiamiento de proyectos"},"content":{"rendered":"\t\t<div data-elementor-type=\"wp-page\" data-elementor-id=\"10752\" class=\"elementor elementor-10752\">\n\t\t\t\t\t\t\t\t\t<section class=\"elementor-section elementor-top-section elementor-element elementor-element-c853527 elementor-section-full_width elementor-section-height-min-height elementor-section-items-stretch elementor-section-content-middle elementor-section-height-default qodef-elementor-content-no\" data-id=\"c853527\" data-element_type=\"section\">\n\t\t\t\t\t\t<div class=\"elementor-container elementor-column-gap-no\">\n\t\t\t\t\t<div class=\"elementor-column elementor-col-50 elementor-top-column elementor-element elementor-element-ab3b2b8\" data-id=\"ab3b2b8\" data-element_type=\"column\" data-settings=\"{&quot;background_background&quot;:&quot;classic&quot;}\">\n\t\t\t<div class=\"elementor-widget-wrap elementor-element-populated\">\n\t\t\t\t\t\t\t\t<div class=\"elementor-element elementor-element-0b09073 elementor-widget elementor-widget-heading\" data-id=\"0b09073\" data-element_type=\"widget\" data-widget_type=\"heading.default\">\n\t\t\t\t<div class=\"elementor-widget-container\">\n\t\t\t<style>\/*! elementor - v3.10.1 - 17-01-2023 *\/\n.elementor-heading-title{padding:0;margin:0;line-height:1}.elementor-widget-heading .elementor-heading-title[class*=elementor-size-]>a{color:inherit;font-size:inherit;line-height:inherit}.elementor-widget-heading .elementor-heading-title.elementor-size-small{font-size:15px}.elementor-widget-heading .elementor-heading-title.elementor-size-medium{font-size:19px}.elementor-widget-heading .elementor-heading-title.elementor-size-large{font-size:29px}.elementor-widget-heading .elementor-heading-title.elementor-size-xl{font-size:39px}.elementor-widget-heading .elementor-heading-title.elementor-size-xxl{font-size:59px}<\/style><h1 class=\"elementor-heading-title elementor-size-default\">4. Financiamiento de proyectos<\/h1>\t\t<\/div>\n\t\t\t\t<\/div>\n\t\t\t\t<div class=\"elementor-element elementor-element-df4bc05 elementor-widget elementor-widget-heading\" data-id=\"df4bc05\" data-element_type=\"widget\" data-widget_type=\"heading.default\">\n\t\t\t\t<div class=\"elementor-widget-container\">\n\t\t\t<h6 class=\"elementor-heading-title elementor-size-default\">servicios<\/h6>\t\t<\/div>\n\t\t\t\t<\/div>\n\t\t\t\t\t<\/div>\n\t\t<\/div>\n\t\t\t\t<div class=\"elementor-column elementor-col-50 elementor-top-column elementor-element elementor-element-149d71e\" data-id=\"149d71e\" data-element_type=\"column\">\n\t\t\t<div class=\"elementor-widget-wrap elementor-element-populated\">\n\t\t\t\t\t\t\t\t<div class=\"elementor-element elementor-element-5964d1a elementor-widget elementor-widget-image\" data-id=\"5964d1a\" data-element_type=\"widget\" data-widget_type=\"image.default\">\n\t\t\t\t<div class=\"elementor-widget-container\">\n\t\t\t<style>\/*! elementor - v3.10.1 - 17-01-2023 *\/\n.elementor-widget-image{text-align:center}.elementor-widget-image a{display:inline-block}.elementor-widget-image a img[src$=\".svg\"]{width:48px}.elementor-widget-image img{vertical-align:middle;display:inline-block}<\/style>\t\t\t\t\t\t\t\t\t\t\t\t<img decoding=\"async\" width=\"1024\" height=\"1024\" src=\"https:\/\/valora-corp.com\/wp-content\/uploads\/2023\/01\/valora-financiamiento-de-proyectos-1x1-1-1024x1024.png\" class=\"attachment-large size-large wp-image-10755\" alt=\"\" loading=\"lazy\" srcset=\"https:\/\/valora-corp.com\/wp-content\/uploads\/2023\/01\/valora-financiamiento-de-proyectos-1x1-1-1024x1024.png 1024w, https:\/\/valora-corp.com\/wp-content\/uploads\/2023\/01\/valora-financiamiento-de-proyectos-1x1-1-300x300.png 300w, https:\/\/valora-corp.com\/wp-content\/uploads\/2023\/01\/valora-financiamiento-de-proyectos-1x1-1-150x150.png 150w, https:\/\/valora-corp.com\/wp-content\/uploads\/2023\/01\/valora-financiamiento-de-proyectos-1x1-1-768x768.png 768w, https:\/\/valora-corp.com\/wp-content\/uploads\/2023\/01\/valora-financiamiento-de-proyectos-1x1-1-1536x1536.png 1536w, https:\/\/valora-corp.com\/wp-content\/uploads\/2023\/01\/valora-financiamiento-de-proyectos-1x1-1-650x650.png 650w, https:\/\/valora-corp.com\/wp-content\/uploads\/2023\/01\/valora-financiamiento-de-proyectos-1x1-1-1300x1300.png 1300w, https:\/\/valora-corp.com\/wp-content\/uploads\/2023\/01\/valora-financiamiento-de-proyectos-1x1-1.png 1875w\" sizes=\"(max-width: 1024px) 100vw, 1024px\" \/>\t\t\t\t\t\t\t\t\t\t\t\t\t\t\t<\/div>\n\t\t\t\t<\/div>\n\t\t\t\t\t<\/div>\n\t\t<\/div>\n\t\t\t\t\t\t\t<\/div>\n\t\t<\/section>\n\t\t\t\t<section class=\"elementor-section elementor-top-section elementor-element elementor-element-363f301 elementor-section-boxed elementor-section-height-default elementor-section-height-default qodef-elementor-content-no\" data-id=\"363f301\" data-element_type=\"section\">\n\t\t\t\t\t\t<div class=\"elementor-container elementor-column-gap-default\">\n\t\t\t\t\t<div class=\"elementor-column elementor-col-100 elementor-top-column elementor-element elementor-element-108aa40\" data-id=\"108aa40\" data-element_type=\"column\">\n\t\t\t<div class=\"elementor-widget-wrap elementor-element-populated\">\n\t\t\t\t\t\t\t\t<div class=\"elementor-element elementor-element-04c5594 elementor-widget elementor-widget-text-editor\" data-id=\"04c5594\" data-element_type=\"widget\" data-widget_type=\"text-editor.default\">\n\t\t\t\t<div class=\"elementor-widget-container\">\n\t\t\t<style>\/*! elementor - v3.10.1 - 17-01-2023 *\/\n.elementor-widget-text-editor.elementor-drop-cap-view-stacked .elementor-drop-cap{background-color:#818a91;color:#fff}.elementor-widget-text-editor.elementor-drop-cap-view-framed .elementor-drop-cap{color:#818a91;border:3px solid;background-color:transparent}.elementor-widget-text-editor:not(.elementor-drop-cap-view-default) .elementor-drop-cap{margin-top:8px}.elementor-widget-text-editor:not(.elementor-drop-cap-view-default) .elementor-drop-cap-letter{width:1em;height:1em}.elementor-widget-text-editor .elementor-drop-cap{float:left;text-align:center;line-height:1;font-size:50px}.elementor-widget-text-editor .elementor-drop-cap-letter{display:inline-block}<\/style>\t\t\t\t<p>Lorem ipsum dolor sit amet, consectetur adipiscing elit, sed do eiusmod tempor incididunt ut labore et dolore magna ioaliqua. Ut enim ad minim veniam, quis nostrud exercitation ullamco laboris nisi ut aliquip ex ea commodo consequat. Duis aute irure dolor in reprehenderit in voluptate velit esse cillum dolore eu fugiat nulla pariatur. Excepteur sint occaecat cupidatat non proident, sunt in culpa qui officia deserunt mollit anim id est laborum. Sed ut perspiciatis unde omnis iste natus error sit voluptatem accusantium doloremque laudantium, totam rem aperiam, eaque ipsa quae.<\/p><p>\u00a0<\/p><ul><li>Mejora de procesos para maximizar utilidades.<\/li><li>B\u00fasqueda de crecimiento y expansi\u00f3n. Importaci\u00f3n de productos o servicios al extranjero.<\/li><li>Asesor\u00eda administrativa.<\/li><li>Dise\u00f1o de estrategias de control patrimonial y empresarial.<\/li><li>Emprendedores que necesitan acompa\u00f1amiento en su estructura.<\/li><li>Empresas consolidadas que necesitan adaptarse a los cambios del mercado.<\/li><li>Empresas familiares que necesitan asesor\u00eda en sus procesos y cadena de valor.<\/li><li>Capacitaci\u00f3n de equipos de trabajo.<\/li><\/ul>\t\t\t\t\t\t<\/div>\n\t\t\t\t<\/div>\n\t\t\t\t\t<\/div>\n\t\t<\/div>\n\t\t\t\t\t\t\t<\/div>\n\t\t<\/section>\n\t\t\t\t<section class=\"elementor-section elementor-top-section elementor-element elementor-element-6a5aa2b elementor-section-boxed elementor-section-height-default elementor-section-height-default qodef-elementor-content-no\" data-id=\"6a5aa2b\" data-element_type=\"section\">\n\t\t\t\t\t\t<div class=\"elementor-container elementor-column-gap-default\">\n\t\t\t\t\t<div class=\"elementor-column elementor-col-100 elementor-top-column elementor-element elementor-element-6acc4e3\" data-id=\"6acc4e3\" data-element_type=\"column\">\n\t\t\t<div class=\"elementor-widget-wrap elementor-element-populated\">\n\t\t\t\t\t\t\t\t<div class=\"elementor-element elementor-element-8bb0edc elementor-widget elementor-widget-heading\" data-id=\"8bb0edc\" data-element_type=\"widget\" data-widget_type=\"heading.default\">\n\t\t\t\t<div class=\"elementor-widget-container\">\n\t\t\t<h2 class=\"elementor-heading-title elementor-size-default\">Servicios<\/h2>\t\t<\/div>\n\t\t\t\t<\/div>\n\t\t\t\t\t<\/div>\n\t\t<\/div>\n\t\t\t\t\t\t\t<\/div>\n\t\t<\/section>\n\t\t\t\t<section class=\"elementor-section elementor-top-section elementor-element elementor-element-8c4a50c elementor-section-boxed elementor-section-height-default elementor-section-height-default qodef-elementor-content-no\" data-id=\"8c4a50c\" data-element_type=\"section\">\n\t\t\t\t\t\t<div class=\"elementor-container elementor-column-gap-default\">\n\t\t\t\t\t<div class=\"elementor-column elementor-col-100 elementor-top-column elementor-element elementor-element-3e49cfe\" data-id=\"3e49cfe\" data-element_type=\"column\">\n\t\t\t<div class=\"elementor-widget-wrap elementor-element-populated\">\n\t\t\t\t\t\t\t\t<div class=\"elementor-element elementor-element-c9a419d elementor-widget elementor-widget-halstein_core_image_gallery\" data-id=\"c9a419d\" data-element_type=\"widget\" data-widget_type=\"halstein_core_image_gallery.default\">\n\t\t\t\t<div class=\"elementor-widget-container\">\n\t\t\t<div class=\"qodef-shortcode qodef-m  qodef-image-gallery   qodef-grid qodef-swiper-container  qodef-gutter--normal qodef-col-num--3    qodef-responsive--predefined qodef-swiper-pagination--on\" data-options=\"{&quot;slidesPerView&quot;:&quot;3&quot;,&quot;spaceBetween&quot;:30,&quot;loop&quot;:true,&quot;autoplay&quot;:true,&quot;speed&quot;:&quot;&quot;,&quot;speedAnimation&quot;:&quot;&quot;,&quot;slideAnimation&quot;:&quot;&quot;}\">\n\t<div class=\"swiper-wrapper\">\n\t\t<div class=\"qodef-e qodef-image-wrapper swiper-slide \">\n\t\t\t<a itemprop=\"url\" href=\"https:\/\/valora-corp.com\/index.php\/negocios-emergentes\/\" target=\"_self\">\n\t\t\t<img width=\"1407\" height=\"1875\" src=\"https:\/\/valora-corp.com\/wp-content\/uploads\/2023\/01\/1.-valora-servicio-portada-vertical.png\" class=\"attachment-full size-full\" alt=\"\" decoding=\"async\" loading=\"lazy\" srcset=\"https:\/\/valora-corp.com\/wp-content\/uploads\/2023\/01\/1.-valora-servicio-portada-vertical.png 1407w, https:\/\/valora-corp.com\/wp-content\/uploads\/2023\/01\/1.-valora-servicio-portada-vertical-225x300.png 225w, https:\/\/valora-corp.com\/wp-content\/uploads\/2023\/01\/1.-valora-servicio-portada-vertical-768x1023.png 768w, https:\/\/valora-corp.com\/wp-content\/uploads\/2023\/01\/1.-valora-servicio-portada-vertical-1153x1536.png 1153w\" sizes=\"(max-width: 1407px) 100vw, 1407px\" \/>\t\t\t<\/a>\n\t<\/div>\n<div class=\"qodef-e qodef-image-wrapper swiper-slide \">\n\t\t\t<a itemprop=\"url\" href=\"https:\/\/valora-corp.com\/index.php\/consutoria-y-asesoria\/\" target=\"_self\">\n\t\t\t<img width=\"1407\" height=\"1875\" src=\"https:\/\/valora-corp.com\/wp-content\/uploads\/2023\/01\/2.-valora-servicio-portada-vertical.png\" class=\"attachment-full size-full\" alt=\"\" decoding=\"async\" loading=\"lazy\" srcset=\"https:\/\/valora-corp.com\/wp-content\/uploads\/2023\/01\/2.-valora-servicio-portada-vertical.png 1407w, https:\/\/valora-corp.com\/wp-content\/uploads\/2023\/01\/2.-valora-servicio-portada-vertical-225x300.png 225w, https:\/\/valora-corp.com\/wp-content\/uploads\/2023\/01\/2.-valora-servicio-portada-vertical-768x1023.png 768w, https:\/\/valora-corp.com\/wp-content\/uploads\/2023\/01\/2.-valora-servicio-portada-vertical-1153x1536.png 1153w\" sizes=\"(max-width: 1407px) 100vw, 1407px\" \/>\t\t\t<\/a>\n\t<\/div>\n<div class=\"qodef-e qodef-image-wrapper swiper-slide \">\n\t\t\t<a itemprop=\"url\" href=\"https:\/\/valora-corp.com\/index.php\/auditoria-y-finanzas\/\" target=\"_self\">\n\t\t\t<img width=\"1407\" height=\"1875\" src=\"https:\/\/valora-corp.com\/wp-content\/uploads\/2023\/01\/3.-valora-servicio-portada-vertical.png\" class=\"attachment-full size-full\" alt=\"\" decoding=\"async\" loading=\"lazy\" srcset=\"https:\/\/valora-corp.com\/wp-content\/uploads\/2023\/01\/3.-valora-servicio-portada-vertical.png 1407w, https:\/\/valora-corp.com\/wp-content\/uploads\/2023\/01\/3.-valora-servicio-portada-vertical-225x300.png 225w, https:\/\/valora-corp.com\/wp-content\/uploads\/2023\/01\/3.-valora-servicio-portada-vertical-768x1023.png 768w, https:\/\/valora-corp.com\/wp-content\/uploads\/2023\/01\/3.-valora-servicio-portada-vertical-1153x1536.png 1153w\" sizes=\"(max-width: 1407px) 100vw, 1407px\" \/>\t\t\t<\/a>\n\t<\/div>\n<div class=\"qodef-e qodef-image-wrapper swiper-slide \">\n\t\t\t<a itemprop=\"url\" href=\"https:\/\/valora-corp.com\/index.php\/financiamiento-de-proyectos\/\" target=\"_self\">\n\t\t\t<img width=\"1407\" height=\"1875\" src=\"https:\/\/valora-corp.com\/wp-content\/uploads\/2023\/01\/4.-valora-servicio-portada-vertical.png\" class=\"attachment-full size-full\" alt=\"\" decoding=\"async\" loading=\"lazy\" srcset=\"https:\/\/valora-corp.com\/wp-content\/uploads\/2023\/01\/4.-valora-servicio-portada-vertical.png 1407w, https:\/\/valora-corp.com\/wp-content\/uploads\/2023\/01\/4.-valora-servicio-portada-vertical-225x300.png 225w, https:\/\/valora-corp.com\/wp-content\/uploads\/2023\/01\/4.-valora-servicio-portada-vertical-768x1023.png 768w, https:\/\/valora-corp.com\/wp-content\/uploads\/2023\/01\/4.-valora-servicio-portada-vertical-1153x1536.png 1153w\" sizes=\"(max-width: 1407px) 100vw, 1407px\" \/>\t\t\t<\/a>\n\t<\/div>\n\t<\/div>\n\t\t<div class=\"swiper-button-prev \"><svg class=\"qodef-svg--slider-arrow-left\" xmlns=\"http:\/\/www.w3.org\/2000\/svg\"\n     xmlns:xlink=\"http:\/\/www.w3.org\/1999\/xlink\" x=\"0px\" y=\"0px\" width=\"35px\" height=\"53px\"\n     viewBox=\"0 0 35 53\" style=\"enable-background:new 0 0 35 53;\" xml:space=\"preserve\"><polyline points=\"19.6,42.1 4.3,26.6 19.6,10.8 \"\/><line x1=\"34.5\" y1=\"53\" x2=\"34.5\" y2=\"0\"\/><\/svg><\/div>\n\t<div class=\"swiper-button-next \"><svg class=\"qodef-svg--slider-arrow-right\" xmlns=\"http:\/\/www.w3.org\/2000\/svg\"\n     xmlns:xlink=\"http:\/\/www.w3.org\/1999\/xlink\" x=\"0px\" y=\"0px\" width=\"35px\" height=\"53px\"\n     viewBox=\"0 0 35 53\" style=\"enable-background:new 0 0 35 53;\" xml:space=\"preserve\"><polyline points=\"15.4,10.9 30.7,26.4 15.4,42.2 \"\/><line x1=\"0.5\" y1=\"0\" x2=\"0.5\" y2=\"53\"\/><\/svg><\/div>\n\t\t<div class=\"swiper-pagination\"><\/div>\n<\/div>\n\t\t<\/div>\n\t\t\t\t<\/div>\n\t\t\t\t\t<\/div>\n\t\t<\/div>\n\t\t\t\t\t\t\t<\/div>\n\t\t<\/section>\n\t\t\t\t<section class=\"elementor-section elementor-top-section elementor-element elementor-element-c809823 elementor-section-stretched elementor-section-boxed elementor-section-height-default elementor-section-height-default qodef-elementor-content-no\" data-id=\"c809823\" data-element_type=\"section\" data-settings=\"{&quot;background_background&quot;:&quot;classic&quot;,&quot;stretch_section&quot;:&quot;section-stretched&quot;}\">\n\t\t\t\t\t\t<div class=\"elementor-container elementor-column-gap-default\">\n\t\t\t\t\t<div class=\"elementor-column elementor-col-100 elementor-top-column elementor-element elementor-element-f641113\" data-id=\"f641113\" data-element_type=\"column\">\n\t\t\t<div class=\"elementor-widget-wrap elementor-element-populated\">\n\t\t\t\t\t\t\t\t<div class=\"elementor-element elementor-element-99e09b4 elementor-widget__width-inherit elementor-widget elementor-widget-heading\" data-id=\"99e09b4\" data-element_type=\"widget\" data-widget_type=\"heading.default\">\n\t\t\t\t<div class=\"elementor-widget-container\">\n\t\t\t<h2 class=\"elementor-heading-title elementor-size-default\">\u201cLa construcci\u00f3n de un negocio necesita valores para alcanzar el \u00e9xito\u201d.<\/h2>\t\t<\/div>\n\t\t\t\t<\/div>\n\t\t\t\t\t<\/div>\n\t\t<\/div>\n\t\t\t\t\t\t\t<\/div>\n\t\t<\/section>\n\t\t\t\t<section class=\"elementor-section elementor-top-section elementor-element elementor-element-227b163 elementor-section-boxed elementor-section-height-default elementor-section-height-default qodef-elementor-content-no\" data-id=\"227b163\" data-element_type=\"section\">\n\t\t\t\t\t\t<div class=\"elementor-container elementor-column-gap-default\">\n\t\t\t\t\t<div class=\"elementor-column elementor-col-66 elementor-top-column elementor-element elementor-element-6b62ddd\" data-id=\"6b62ddd\" data-element_type=\"column\">\n\t\t\t<div class=\"elementor-widget-wrap elementor-element-populated\">\n\t\t\t\t\t\t\t\t<div class=\"elementor-element elementor-element-f6a5337 elementor-widget elementor-widget-image\" data-id=\"f6a5337\" data-element_type=\"widget\" data-widget_type=\"image.default\">\n\t\t\t\t<div class=\"elementor-widget-container\">\n\t\t\t\t\t\t\t\t\t\t\t\t\t\t\t<img decoding=\"async\" width=\"262\" height=\"166\" src=\"https:\/\/valora-corp.com\/wp-content\/uploads\/2023\/01\/stiki-logo-valora.png\" class=\"attachment-medium size-medium wp-image-10276\" alt=\"\" loading=\"lazy\" \/>\t\t\t\t\t\t\t\t\t\t\t\t\t\t\t<\/div>\n\t\t\t\t<\/div>\n\t\t\t\t<div class=\"elementor-element elementor-element-5442639 elementor-widget elementor-widget-text-editor\" data-id=\"5442639\" data-element_type=\"widget\" data-widget_type=\"text-editor.default\">\n\t\t\t\t<div class=\"elementor-widget-container\">\n\t\t\t\t\t\t\t<p>Lorem ipsum dolor sit amet, consectetur adipiscing elit. Ut elit tellus, luctus nec ullamcorper mattis, pulvinar dapibus leo.&nbsp;<span style=\"background-color: rgb(255, 255, 255); letter-spacing: 0px; text-transform: initial;\">Lorem ipsum dolor sit amet, consectetur adipiscing elit.&nbsp;<\/span><\/p>\t\t\t\t\t\t<\/div>\n\t\t\t\t<\/div>\n\t\t\t\t\t<\/div>\n\t\t<\/div>\n\t\t\t\t<div class=\"elementor-column elementor-col-33 elementor-top-column elementor-element elementor-element-f2b830a\" data-id=\"f2b830a\" data-element_type=\"column\">\n\t\t\t<div class=\"elementor-widget-wrap elementor-element-populated\">\n\t\t\t\t\t\t\t\t<div class=\"elementor-element elementor-element-b5d3a82 elementor-widget elementor-widget-heading\" data-id=\"b5d3a82\" data-element_type=\"widget\" data-widget_type=\"heading.default\">\n\t\t\t\t<div class=\"elementor-widget-container\">\n\t\t\t<h4 class=\"elementor-heading-title elementor-size-default\">Contacto<\/h4>\t\t<\/div>\n\t\t\t\t<\/div>\n\t\t\t\t<div class=\"elementor-element elementor-element-3dac10f elementor-widget elementor-widget-text-editor\" data-id=\"3dac10f\" data-element_type=\"widget\" data-widget_type=\"text-editor.default\">\n\t\t\t\t<div class=\"elementor-widget-container\">\n\t\t\t\t\t\t\t<p>Canc\u00fan, Quintana Roo<\/p>\n<p><span style=\"letter-spacing: 0px; text-transform: initial;\">Av. Xpuhil Sur, MZ 2 LT 23 Local 303, SM 19,&nbsp;<\/span><span style=\"letter-spacing: 0px; text-transform: initial;\">CP 7750<\/span><\/p>\n<p>T. 998 884 8749<\/p><p>info@valora-corp.com<\/p>\n<p><\/p>\t\t\t\t\t\t<\/div>\n\t\t\t\t<\/div>\n\t\t\t\t\t<\/div>\n\t\t<\/div>\n\t\t\t\t\t\t\t<\/div>\n\t\t<\/section>\n\t\t\t\t<section class=\"elementor-section elementor-top-section elementor-element elementor-element-168e5cd elementor-section-boxed elementor-section-height-default elementor-section-height-default qodef-elementor-content-no\" data-id=\"168e5cd\" data-element_type=\"section\">\n\t\t\t\t\t\t<div class=\"elementor-container elementor-column-gap-default\">\n\t\t\t\t\t<div class=\"elementor-column elementor-col-100 elementor-top-column elementor-element elementor-element-de833b1\" data-id=\"de833b1\" data-element_type=\"column\">\n\t\t\t<div class=\"elementor-widget-wrap elementor-element-populated\">\n\t\t\t\t\t\t\t\t<div class=\"elementor-element elementor-element-5dbb672 elementor-widget elementor-widget-halstein_core_separator\" data-id=\"5dbb672\" data-element_type=\"widget\" data-widget_type=\"halstein_core_separator.default\">\n\t\t\t\t<div class=\"elementor-widget-container\">\n\t\t\t<div class=\"qodef-shortcode qodef-m  qodef-separator clear qodef-position--center  \">\n\t<div class=\"qodef-m-line\" style=\"border-color: #7F7374AB;border-style: solid\"><\/div>\n<\/div>\n\t\t<\/div>\n\t\t\t\t<\/div>\n\t\t\t\t\t<\/div>\n\t\t<\/div>\n\t\t\t\t\t\t\t<\/div>\n\t\t<\/section>\n\t\t\t\t<section class=\"elementor-section elementor-top-section elementor-element elementor-element-0b33353 elementor-section-boxed elementor-section-height-default elementor-section-height-default qodef-elementor-content-no\" data-id=\"0b33353\" data-element_type=\"section\">\n\t\t\t\t\t\t<div class=\"elementor-container elementor-column-gap-default\">\n\t\t\t\t\t<div class=\"elementor-column elementor-col-100 elementor-top-column elementor-element elementor-element-8392e08\" data-id=\"8392e08\" data-element_type=\"column\">\n\t\t\t<div class=\"elementor-widget-wrap elementor-element-populated\">\n\t\t\t\t\t\t\t\t<div class=\"elementor-element elementor-element-815fd21 elementor-widget elementor-widget-heading\" data-id=\"815fd21\" data-element_type=\"widget\" data-widget_type=\"heading.default\">\n\t\t\t\t<div class=\"elementor-widget-container\">\n\t\t\t<h6 class=\"elementor-heading-title elementor-size-default\">2023 Grupo Valora<\/h6>\t\t<\/div>\n\t\t\t\t<\/div>\n\t\t\t\t\t<\/div>\n\t\t<\/div>\n\t\t\t\t\t\t\t<\/div>\n\t\t<\/section>\n\t\t\t\t\t\t\t<\/div>\n\t\t","protected":false},"excerpt":{"rendered":"<p>4. Financiamiento de proyectos servicios Lorem ipsum dolor sit amet, consectetur adipiscing elit, sed do eiusmod tempor incididunt ut labore et dolore magna ioaliqua. Ut enim ad minim veniam, quis nostrud exercitation ullamco laboris nisi ut aliquip ex ea commodo consequat. Duis aute irure dolor in reprehenderit in voluptate velit esse cillum dolore eu fugiat [&hellip;]<\/p>\n","protected":false},"author":1,"featured_media":0,"parent":0,"menu_order":0,"comment_status":"closed","ping_status":"closed","template":"page-full-width.php","meta":[],"_links":{"self":[{"href":"https:\/\/valora-corp.com\/index.php\/wp-json\/wp\/v2\/pages\/10752"}],"collection":[{"href":"https:\/\/valora-corp.com\/index.php\/wp-json\/wp\/v2\/pages"}],"about":[{"href":"https:\/\/valora-corp.com\/index.php\/wp-json\/wp\/v2\/types\/page"}],"author":[{"embeddable":true,"href":"https:\/\/valora-corp.com\/index.php\/wp-json\/wp\/v2\/users\/1"}],"replies":[{"embeddable":true,"href":"https:\/\/valora-corp.com\/index.php\/wp-json\/wp\/v2\/comments?post=10752"}],"version-history":[{"count":10,"href":"https:\/\/valora-corp.com\/index.php\/wp-json\/wp\/v2\/pages\/10752\/revisions"}],"predecessor-version":[{"id":10926,"href":"https:\/\/valora-corp.com\/index.php\/wp-json\/wp\/v2\/pages\/10752\/revisions\/10926"}],"wp:attachment":[{"href":"https:\/\/valora-corp.com\/index.php\/wp-json\/wp\/v2\/media?parent=10752"}],"curies":[{"name":"wp","href":"https:\/\/api.w.org\/{rel}","templated":true}]}}